{"id":467,"date":"2018-03-08T13:32:15","date_gmt":"2018-03-08T13:32:15","guid":{"rendered":"https:\/\/rocaplana.com\/?page_id=467"},"modified":"2018-03-09T16:57:27","modified_gmt":"2018-03-09T16:57:27","slug":"avis-legal","status":"publish","type":"page","link":"https:\/\/rocaplana.com\/ca\/avis-legal\/","title":{"rendered":"Av\u00eds Legal"},"content":{"rendered":"<p>&nbsp;<\/p>\n<h1>Av\u00eds Legal<\/h1>\n<p>Segons estableix la Llei 34 \/ 2002, del 11 de juliol, de Serveis de la Societat de la Informaci\u00f3 i de Comer\u00e7 Electr\u00f2nic, B.O.E. n\u00ba 166, s&#8217;ofereix a tots els usuaris i visitants la informaci\u00f3 legal relativa a la persona propiet\u00e0ria del lloc Web ubicat a la direcci\u00f3 d&#8217; internet www.rocaplana.com<\/p>\n<p align=\"left\"><strong>1.-\u00a0Dades Identificatives<\/strong><strong>\u00a0<\/strong><strong><br \/>\n<\/strong>Pere Estorach Curto<br \/>\nNIF 40928541 H<br \/>\nPlatja, 14<br \/>\n43895 L&#8217;Ampolla<br \/>\nTel 977 460 332 &#8211; 977 460 098<br \/>\nFax 977 460 496<br \/>\n<a href=\"http:\/\/web.archive.org\/web\/20140306062446\/mailto:info@rocaplana.com%20\">info@rocaplana.com\u00a0<\/a><\/p>\n<p><strong>2.\u00a0Pol\u00edtica d&#8217;enlla\u00e7os\u00a0<\/strong><br \/>\nLa funci\u00f3 dels enlla\u00e7os que apareixen en aquesta p\u00e0gina t\u00e9 nom\u00e9s finalitat informativa. Pere Estorach Curto. rebutja la responsabilitat sobre la informaci\u00f3 continguda en aquestes p\u00e0gines Web. Les eventuals refer\u00e8ncies que es realitzen en el Web de Pere Estorach Curto. a qualsevol producte, servei, proc\u00e9s, enlla\u00e7, hipertext o qualsevol altra informaci\u00f3 utilitzant la marca, el nom comercial o el fabricant o subministrador, que siguin de titularitat de tercers no constitueix o implica recolzament, patrocini o recomanaci\u00f3 per part de Pere Estorach Curto.<\/p>\n<p><strong>3.\u00a0Drets de Propietat Intel\u00b7lectual i Industrial\u00a0<\/strong><br \/>\nLa totalitat d&#8217;aquest lloc Web es troba protegida per les lleis espanyoles internacionals sobre propietat Intel\u00b7lectual i Industrial. Aix\u00ed mateix, el contingut d&#8217;aquest lloc Web tamb\u00e9 t\u00e9 la consideraci\u00f3 de programa d&#8217;ordinador per tant se li aplica tota la legislaci\u00f3 espanyola i comunit\u00e0ria vigent concernent.<br \/>\nEls drets de propietat intel\u00b7lectual dels continguts cedits al nostre lloc Web s\u00f3n propietat dels seus respectius autors. La resta s\u00f3n propietat de Pere Estorach Curto.<br \/>\nQueda expressament prohibida la reproducci\u00f3 total o parcial d&#8217;aquest lloc Web sense el perm\u00eds escrit expr\u00e9s de Pere Estorach Curto.<\/p>\n<p><strong>4.\u00a0Limitaci\u00f3 de Responsabilitats<\/strong><br \/>\nPere Estorach Curto. no controla ni garanteix l&#8217;abs\u00e8ncia de virus ni d&#8217;altres elements en els continguts que puguin produir alteracions en el sistema inform\u00e0tic de l&#8217;usuari (software y hardware), documents electr\u00f2nics i fitxers emmagatzemats en el seu sistema inform\u00e0tic. Per aix\u00f2, Pere Estorach Curto. no es fa responsable de cap dany ni perjudici que sofreixi l&#8217;usuari per l&#8217;exist\u00e8ncia de virus o altres elements en el lloc Web. Pere Estorach Curto. no pot garantir l&#8217;abs\u00e8ncia d&#8217;errors tecnol\u00f2gics, ni la permanent disponibilitat del lloc Web i dels serveis continguts en ell i, en conseq\u00fc\u00e8ncia, no assumeix responsabilitat alguna per danys y perjudicis que es puguin generar per falta de disponibilitat i errors en l&#8217;acc\u00e9s. Pere Estorach Curto. no pot garantir que les transmissions d&#8217;informaci\u00f3 a trav\u00e9s d&#8217;Internet siguin totalment segures, ja que intervenen m\u00faltiples factors fora del control de Pere Estorach Curto., entre altres la pr\u00f2pia configuraci\u00f3 inform\u00e0tica de l&#8217;usuari, la seguretat aplicada a les xarxes p\u00fabliques de telecomunicacions, etc. Pere Estorach Curto. no es fa responsable dels danys o perjudicis que sofreixi l&#8217;usuari per possibles conting\u00e8ncies en la transmissi\u00f3 d&#8217;informaci\u00f3, com s\u00f3n la p\u00e8rdua de dades o accessos no autoritzats de terceres persones.<\/p>\n<p><strong>5.\u00a0Pol\u00edtica de Tractament de Dades de Car\u00e0cter Personal\u00a0<\/strong><br \/>\nPere Estorach Curto. li garanteix la confidencialitat de les seves dades personals. Cap dada que ens proporcioni ser\u00e0 compartida amb organitzacions o empreses alienes a nosaltres.<br \/>\nPere Estorach Curto. compleix la Llei Org\u00e0nica 15\/1999 de 13 de desembre, de Protecci\u00f3 de dades de Car\u00e0cter Personal (LOPD).<br \/>\nPere Estorach Curto. li garanteix que totes les dades personals recollides mitjan\u00e7ant els formularis d&#8217;aquest web i les facilitades a trav\u00e9s de les diferents vies de contractaci\u00f3 de serveis, seran utilitzades en la forma i amb les limitacions i drets que concedeix la Llei Org\u00e0nica 15\/1999, de 13 de desembre sobre Protecci\u00f3 de Dades de Car\u00e0cter Personal (LOPD). El tractament i gesti\u00f3 d&#8217;aquestes dades compleix amb les normes estipulades al Reial Decret 994\/1999, de l&#8217;11 de Juny, pel qual s&#8217;aprova el Reglament de mesures de seguretat dels fitxers automatitzats que contenen dades de car\u00e0cter personal. Quan facilita les dades personals a trav\u00e9s d&#8217;aquest web autoritza a Pere Estorach Curto. per al seu \u00fas i tractament inform\u00e0tic, amb l&#8217;objectiu de facilitar-li informaci\u00f3 sobre els seus serveis i promocions. En qualsevol moment podr\u00e0 exercitar els seu dret d&#8217;acc\u00e9s, rectificaci\u00f3, oposici\u00f3 i\/o cancel\u00b7laci\u00f3 dirigint-se Pere Estorach Curto.<\/p>\n<p><strong>6.\u00a0<strong>Jurisdicci\u00f3 i lleis aplicables<\/strong><br \/>\n<\/strong>Qualsevol controv\u00e8rsia relativa a les condicions d&#8217;\u00fas i acc\u00e9s a aquest lloc Web contingudes en la present Informaci\u00f3 Legal, aix\u00ed com qualsevol relaci\u00f3 entre vost\u00e8 com Usuari &#8211; Visitant i Pere Estorach Curto. es regir\u00e0 per la legislaci\u00f3 espanyola, renunciant expressament les parts al fur que els correspongui, i sotmetent-se als Jutjats i Tribunals de Tortosa.<\/p>\n","protected":false},"excerpt":{"rendered":"<p>&nbsp; Av\u00eds Legal Segons estableix la Llei 34 \/ 2002, del 11 de juliol, de Serveis de la Societat de la Informaci\u00f3 i de Comer\u00e7 Electr\u00f2nic, B.O.E. n\u00ba 166, s&#8217;ofereix a tots els usuaris i visitants la informaci\u00f3 legal relativa a la persona propiet\u00e0ria del lloc Web ubicat a la direcci\u00f3 d&#8217; internet www.rocaplana.com 1.-\u00a0Dades [&hellip;]<\/p>\n","protected":false},"author":1,"featured_media":0,"parent":0,"menu_order":0,"comment_status":"closed","ping_status":"closed","template":"","meta":{"_genesis_hide_title":false,"_genesis_hide_breadcrumbs":false,"_genesis_hide_singular_image":false,"_genesis_hide_footer_widgets":false,"_genesis_custom_body_class":"","_genesis_custom_post_class":"","_genesis_layout":"","footnotes":""},"class_list":{"0":"post-467","1":"page","2":"type-page","3":"status-publish","5":"entry"},"_links":{"self":[{"href":"https:\/\/rocaplana.com\/ca\/wp-json\/wp\/v2\/pages\/467","targetHints":{"allow":["GET"]}}],"collection":[{"href":"https:\/\/rocaplana.com\/ca\/wp-json\/wp\/v2\/pages"}],"about":[{"href":"https:\/\/rocaplana.com\/ca\/wp-json\/wp\/v2\/types\/page"}],"author":[{"embeddable":true,"href":"https:\/\/rocaplana.com\/ca\/wp-json\/wp\/v2\/users\/1"}],"replies":[{"embeddable":true,"href":"https:\/\/rocaplana.com\/ca\/wp-json\/wp\/v2\/comments?post=467"}],"version-history":[{"count":3,"href":"https:\/\/rocaplana.com\/ca\/wp-json\/wp\/v2\/pages\/467\/revisions"}],"predecessor-version":[{"id":580,"href":"https:\/\/rocaplana.com\/ca\/wp-json\/wp\/v2\/pages\/467\/revisions\/580"}],"wp:attachment":[{"href":"https:\/\/rocaplana.com\/ca\/wp-json\/wp\/v2\/media?parent=467"}],"curies":[{"name":"wp","href":"https:\/\/api.w.org\/{rel}","templated":true}]}}