{"id":380,"date":"2018-03-05T13:56:07","date_gmt":"2018-03-05T13:56:07","guid":{"rendered":"http:\/\/rocaplana.com\/?page_id=380\/"},"modified":"2026-04-21T15:03:19","modified_gmt":"2026-04-21T15:03:19","slug":"habitacions-ampolla","status":"publish","type":"page","link":"https:\/\/rocaplana.com\/ca\/habitacions-ampolla\/","title":{"rendered":"Habitacions"},"content":{"rendered":"\n\n\t<h2>\n\t\t\t\tLes Nostres Habitacions\n\t\t\t<\/h2>\n\t\t\t<p>On descansar \u00e9s un plaer<\/p>\t\n\t\t\t<h1>Serveis<\/h1><p>Prestacions per a la teva comoditat<\/p>\t\t\t\n\t<ul>\n\t\t<li>\t\t\t\t\n\t\tClimatitzaci\u00f3<\/li><li>\t\t\t\t\n\t\tTel\u00e8fon<\/li><li>\t\t\t\t\n\t\tBany privat i equipat<\/li>\t<\/ul>\n\t<ul>\n\t\t<li>\t\t\t\t\n\t\tTelevisi\u00f3<\/li><li>\t\t\t\t\n\t\tTerrassa (dep\u00e8n de la ubicaci\u00f3)<\/li><li>\t\t\t\t\n\t\tWifi<\/li>\t<\/ul>\n\t\t\t<h2>Tarifes<\/h2><p>Tarifes per temporada<\/p>\t\t\t\n\t\t\t<h1>Habitaci\u00f3 Doble &#8211; Situaci\u00f3<\/h1>\t\t\t\n\t<table>\n    <thead>\n        <tr>\n            \n            <th>Darrera<\/th>\n            <th>Mar<\/th>\n            <th>Mar \u00e0tic<\/th>\n        <\/tr>\n    <\/thead>\n    <tbody>\n        <tr>\n            <td>Tarifa<\/td>\n            <td>89,80 \u20ac<\/td>\n            <td>111,80 \u20ac<\/td>\n            <td>122,80 \u20ac<\/td>\n        <\/tr>\n    <\/tbody>\n    <tbody>\n        <tr>\n            <td>Temporada alta<\/td>\n            <td>133,80 \u20ac<\/td>\n            <td>150,30 \u20ac<\/td>\n            <td>166,80 \u20ac<\/td>\n        <\/tr>\n    <\/tbody>\n<\/table>\n\t\t\t\t<p><strong>\ud83d\udcc5 Temporada alta:<br \/><\/strong>Divendres i dissabtes de maig, juny, juliol i setembre<br \/>14 al 21 d&#8217;abril (Setmana Santa)<br \/>30 abril &#8211; 3 maig | 20-24 juny | 16 juliol | 10-12 setembre | 10-11 octubre | 5-7 desembre<\/p>\n<p><strong>10% IVA incl\u00f2s<\/strong><br \/>Tots els preus inclouen el dormir i l&#8217;esmorzar<br \/>Tassa tur\u00edstica inclosa<br \/>Preus v\u00e0lids excepte error tipogr\u00e0fic<\/p>\n\t\t\t<h2>Quan vols venir?<\/h2><p>Reserva la teva habitaci\u00f3<\/p>\t\t\t\n\t<form id=\"serach_room\" method=\"GET\" action=\"https:\/\/rocaplana.com\/ca\/reserves-hotel-ampolla\/\">\n\t\t<input placeholder=\"Entrada\" type=\"text\" name=\"start\"\/>\n\t\t<!-- Date Picker field ( Do Not remove the \"datepicker-fields\" class ) -->\n\t\t<input placeholder=\"Sortida\" type=\"text\" name=\"end\"\/>\n\t\t<select name=\"adults\">\n\t\t    <option value=\"\">Adults<\/option>\n\t\t\t<!-- Select box items ( you can change the items and its value based on your project's needs ) -->\n\t\t\t<option value=\"1\">1<\/option>\n\t\t\t<option value=\"2\">2<\/option>\n\t\t\t<option value=\"3\">3<\/option>\n\t\t\t<option value=\"4\">4<\/option>\n\t\t\t<option value=\"5\">5<\/option>\n\t\t<\/select>\n\t\t<select name=\"nens\">\n\t\t\t<option value=\"\">Nens<\/option>\n\t\t\t<option value=\"1\">1<\/option>\n\t\t\t<option value=\"2\">2<\/option>\n\t\t\t<option value=\"3\">3<\/option>\n\t\t\t<option value=\"4\">4<\/option>\n\t\t\t<option value=\"5\">5<\/option>\n\t\t<\/select>\n<\/form>\n\t\t\t<a href=\"#\" title=\"Haz clic aqu\u00ed\" target=\"_self\"   role=\"button\" aria-label=\"Reserva &lt;br\/&gt;ara!\">\n\t\t\t\t\t\t\tReserva <br \/>ara!\n\t\t<\/a>\n\n","protected":false},"excerpt":{"rendered":"<p>Les Nostres Habitacions On descansar \u00e9s un plaer Serveis Prestacions per a la teva comoditat Climatitzaci\u00f3 Tel\u00e8fon Bany privat i equipat Televisi\u00f3 Terrassa (dep\u00e8n de la ubicaci\u00f3) Wifi Tarifes Tarifes per temporada Habitaci\u00f3 Doble &#8211; Situaci\u00f3 Darrera Mar Mar \u00e0tic Tarifa 89,80 \u20ac 111,80 \u20ac 122,80 \u20ac Temporada alta 133,80 \u20ac 150,30 \u20ac 166,80 \u20ac [&hellip;]<\/p>\n","protected":false},"author":1,"featured_media":0,"parent":0,"menu_order":0,"comment_status":"closed","ping_status":"closed","template":"","meta":{"_genesis_hide_title":false,"_genesis_hide_breadcrumbs":false,"_genesis_hide_singular_image":false,"_genesis_hide_footer_widgets":false,"_genesis_custom_body_class":"","_genesis_custom_post_class":"","_genesis_layout":"","footnotes":""},"class_list":{"0":"post-380","1":"page","2":"type-page","3":"status-publish","5":"entry"},"_links":{"self":[{"href":"https:\/\/rocaplana.com\/ca\/wp-json\/wp\/v2\/pages\/380","targetHints":{"allow":["GET"]}}],"collection":[{"href":"https:\/\/rocaplana.com\/ca\/wp-json\/wp\/v2\/pages"}],"about":[{"href":"https:\/\/rocaplana.com\/ca\/wp-json\/wp\/v2\/types\/page"}],"author":[{"embeddable":true,"href":"https:\/\/rocaplana.com\/ca\/wp-json\/wp\/v2\/users\/1"}],"replies":[{"embeddable":true,"href":"https:\/\/rocaplana.com\/ca\/wp-json\/wp\/v2\/comments?post=380"}],"version-history":[{"count":23,"href":"https:\/\/rocaplana.com\/ca\/wp-json\/wp\/v2\/pages\/380\/revisions"}],"predecessor-version":[{"id":893,"href":"https:\/\/rocaplana.com\/ca\/wp-json\/wp\/v2\/pages\/380\/revisions\/893"}],"wp:attachment":[{"href":"https:\/\/rocaplana.com\/ca\/wp-json\/wp\/v2\/media?parent=380"}],"curies":[{"name":"wp","href":"https:\/\/api.w.org\/{rel}","templated":true}]}}