{"id":238,"date":"2018-03-01T13:34:40","date_gmt":"2018-03-01T13:34:40","guid":{"rendered":"http:\/\/rocaplana.com\/?page_id=238\/"},"modified":"2018-04-03T15:24:26","modified_gmt":"2018-04-03T15:24:26","slug":"reserves-hotel-ampolla","status":"publish","type":"page","link":"https:\/\/rocaplana.com\/ca\/reserves-hotel-ampolla\/","title":{"rendered":"Reserves"},"content":{"rendered":"<h2>\n\t\t\t\tReserves<br \/>\n\t\t\t<\/h2>\n<p>Reserva ara la teva habitaci\u00f3<\/p>\n<div id=\"multi-step-form\" class=\"fw-wizard\" data-stepCount=\"3\" data-wizardid=\"1\">\n    <div class=\"fw-wizard-step-header-container\">\n        <div class=\"fw-container\" data-redirect=\"http:\/\/rocaplana.com\/ca\/reserva-enviada\/\">\n                <div class=\"fw-wizard-step-header\" data-stepId=\"0\">\n            <span class=\"msf-h2\">Dades personals<\/span>\n            <p class=\"fw-copytext\"><\/p>\n        <\/div>\n                <div class=\"fw-wizard-step-header\" data-stepId=\"1\">\n            <span class=\"msf-h2\">Dades de la reserva<\/span>\n            <p class=\"fw-copytext\"><\/p>\n        <\/div>\n                <div class=\"fw-wizard-step-header\" data-stepId=\"2\">\n            <span class=\"msf-h2\">Informaci\u00f3 extra<\/span>\n            <p class=\"fw-copytext\"><\/p>\n        <\/div>\n                <\/div>\n    <\/div>\n    <div class=\"fw-progress-bar-container \">\n        <div class=\"fw-container\">\n    <div class=\"fw-progress-wrap\">\n    <ul class=\"fw-progress-bar\"\n        data-activecolor=\"#816a5f\"\n        data-donecolor=\"#ffffff\"\n        data-nextcolor=\"#aaa\"\n        data-buttoncolor=\"#0a0a0a\">\n                <li class=\"fw-progress-step\"\n            data-id=\"0\">\n            <span class=\"fw-progress-bar-bar\"><\/span>\n            <span class=\"fw-txt-ellipsis\" data-title=\"Dades personals\">Dades personals<\/span>\n                    <\/li>\n                    <li class=\"fw-progress-step\"\n            data-id=\"1\">\n            <span class=\"fw-progress-bar-bar\"><\/span>\n            <span class=\"fw-txt-ellipsis\" data-title=\"Dades de la reserva\">Dades de la reserva<\/span>\n                    <\/li>\n                    <li class=\"fw-progress-step\"\n            data-id=\"2\">\n            <span class=\"fw-progress-bar-bar\"><\/span>\n            <span class=\"fw-txt-ellipsis\" data-title=\"Informaci\u00f3 extra\">Informaci\u00f3 extra<\/span>\n                    <\/li>\n                <\/ul>\n<\/div>\n        <\/div>\n    <\/div>\n    <div class=\"fw-wizard-step-container\">\n        <div class=\"fw-container\">\n                    <div class=\"fw-wizard-step\" data-stepId=\"0\">\n                <div class=\"fw-step-part \" data-partId=\"0\">\n\t<span class=\"fw-step-part-title \">\n\t\t\tDades Personals\t<\/span>\n\t<div class=\"fw-clearfix\"><\/div>\n\t<div class=\"fw-step-part-body\">\n\t\t\t\t\t\t\t\t\t<div class=\"fw-step-block\" data-blockId=\"1\" data-type=\"fw-text\" data-required=\"true\">\n\t\t\t<div class=\"fw-input-container\">\n\t\t\t\t<label for=\"msf-text-nom\"><span class=\"msf-h3\">Nom<\/span><\/label>\n\t\t\t\t<input \n\t\t\t\t\ttype=\"text\" \n\t\t\t\t\tclass=\"fw-text-input\" \n\t\t\t\t\tid=\"msf-text-nom\"\n\t\t\t\t\tdata-id=\"text\">\n\t\t\t\t<span class=\"fa fa-pencil form-control-feedback\" aria-hidden=\"true\"><\/span>\n\t\t\t<\/div>\n\t\t\t<div class=\"fw-clearfix\"><\/div>\n\t\t<\/div>\n\t\t\t\t\t\t\t\t\t\t\t<div class=\"fw-step-block\" data-blockId=\"1\" data-type=\"fw-text\" data-required=\"true\">\n\t\t\t<div class=\"fw-input-container\">\n\t\t\t\t<label for=\"msf-text-cognoms\"><span class=\"msf-h3\">Cognoms<\/span><\/label>\n\t\t\t\t<input \n\t\t\t\t\ttype=\"text\" \n\t\t\t\t\tclass=\"fw-text-input\" \n\t\t\t\t\tid=\"msf-text-cognoms\"\n\t\t\t\t\tdata-id=\"text\">\n\t\t\t\t<span class=\"fa fa-pencil form-control-feedback\" aria-hidden=\"true\"><\/span>\n\t\t\t<\/div>\n\t\t\t<div class=\"fw-clearfix\"><\/div>\n\t\t<\/div>\n\t\t\t\t\t\t\t\t\t\t\t<div class=\"fw-step-block\" data-blockId=\"1\" data-type=\"fw-text\" data-required=\"true\">\n\t\t\t<div class=\"fw-input-container\">\n\t\t\t\t<label for=\"msf-text-poblaci\u00f3\"><span class=\"msf-h3\">Poblaci\u00f3<\/span><\/label>\n\t\t\t\t<input \n\t\t\t\t\ttype=\"text\" \n\t\t\t\t\tclass=\"fw-text-input\" \n\t\t\t\t\tid=\"msf-text-poblaci\u00f3\"\n\t\t\t\t\tdata-id=\"text\">\n\t\t\t\t<span class=\"fa fa-pencil form-control-feedback\" aria-hidden=\"true\"><\/span>\n\t\t\t<\/div>\n\t\t\t<div class=\"fw-clearfix\"><\/div>\n\t\t<\/div>\n\t\t\t\t\t\t\t\t\t\t\t<div class=\"fw-step-block\" data-blockId=\"1\" data-type=\"fw-text\" data-required=\"false\">\n\t\t\t<div class=\"fw-input-container\">\n\t\t\t\t<label for=\"msf-text-pa\u00eds\"><span class=\"msf-h3\">Pa\u00eds<\/span><\/label>\n\t\t\t\t<input \n\t\t\t\t\ttype=\"text\" \n\t\t\t\t\tclass=\"fw-text-input\" \n\t\t\t\t\tid=\"msf-text-pa\u00eds\"\n\t\t\t\t\tdata-id=\"text\">\n\t\t\t\t<span class=\"fa fa-pencil form-control-feedback\" aria-hidden=\"true\"><\/span>\n\t\t\t<\/div>\n\t\t\t<div class=\"fw-clearfix\"><\/div>\n\t\t<\/div>\n\t\t\t\t\t\t\t\t\t\t\t<div class=\"fw-step-block\" data-blockId=\"1\" data-type=\"fw-text\" data-required=\"true\">\n\t\t\t<div class=\"fw-input-container\">\n\t\t\t\t<label for=\"msf-text-tel\u00e8fon\"><span class=\"msf-h3\">Tel\u00e8fon<\/span><\/label>\n\t\t\t\t<input \n\t\t\t\t\ttype=\"text\" \n\t\t\t\t\tclass=\"fw-text-input\" \n\t\t\t\t\tid=\"msf-text-tel\u00e8fon\"\n\t\t\t\t\tdata-id=\"text\">\n\t\t\t\t<span class=\"fa fa-pencil form-control-feedback\" aria-hidden=\"true\"><\/span>\n\t\t\t<\/div>\n\t\t\t<div class=\"fw-clearfix\"><\/div>\n\t\t<\/div>\n\t\t\t\t\t\t\t\t\t\t\t<div class=\"fw-step-block\" data-blockId=\"1\" data-type=\"fw-email\" data-required=\"true\">\n\t\t\t<div class=\"fw-input-container\">\n\t\t\t\t<label for=\"msf-mail-correu-electr\u00f2nic\"><span class=\"msf-h3\">Correu electr\u00f2nic<\/span><\/label>\n\t\t\t\t<input type=\"text\" id=\"msf-mail-correu-electr\u00f2nic\"  class=\"fw-text-input one\" data-id=\"email\">\n\t\t\t\t<span class=\"fa fa-envelope form-control-feedback\" aria-hidden=\"true\"><\/span>\n\t\t\t<\/div>\n\t\t\t\t\t\t<div class=\"fw-clearfix\"><\/div>\n\t\t<\/div>\n\t  \t\t\t\t<\/div>\n<\/div>\n\t\t\t                <div class=\"fw-clearfix\"><\/div>\n            <\/div>\n                        <div class=\"fw-wizard-step\" data-stepId=\"1\">\n                <div class=\"fw-step-part \" data-partId=\"0\">\n\t<span class=\"fw-step-part-title \">\n\t\t\tDades de la reserva\t<\/span>\n\t<div class=\"fw-clearfix\"><\/div>\n\t<div class=\"fw-step-part-body\">\n\t\t\t\t\t\t\t\t\t<div class=\"fw-step-block\" data-blockId=\"1\" data-type=\"fw-date\" data-required=\"true\">\n\t\t\t<div class=\"fw-input-container\">\n\t\t\t\t<label for=\"msf-date-data-d'arribada\"><span class=\"msf-h3\">Data d'arribada<\/span><\/label>\n\t\t\t\t<input type=\"text\" id=\"msf-date-data-d'arribada\"  class=\"fw-text-input fw-datepicker-here\" data-id=\"date\" data-language=\"en\" data-dateformat=\"dd-mm-yy\">\n\t\t\t\t<span class=\"fa fa-calendar form-control-feedback\" aria-hidden=\"true\"><\/span>\n\t\t\t<\/div>\n\t\t\t<div class=\"fw-clearfix\"><\/div>\n\t\t<\/div>\n\t\t\t\t\t\t\t\t\t\t\t<div class=\"fw-step-block\" data-blockId=\"1\" data-type=\"fw-date\" data-required=\"true\">\n\t\t\t<div class=\"fw-input-container\">\n\t\t\t\t<label for=\"msf-date-data-de-sortida\"><span class=\"msf-h3\">Data de sortida<\/span><\/label>\n\t\t\t\t<input type=\"text\" id=\"msf-date-data-de-sortida\"  class=\"fw-text-input fw-datepicker-here\" data-id=\"date\" data-language=\"en\" data-dateformat=\"dd-mm-yy\">\n\t\t\t\t<span class=\"fa fa-calendar form-control-feedback\" aria-hidden=\"true\"><\/span>\n\t\t\t<\/div>\n\t\t\t<div class=\"fw-clearfix\"><\/div>\n\t\t<\/div>\n\t\t\t\t\t\t<\/div>\n<\/div>\n\t\t\t<div class=\"fw-step-part \" data-partId=\"1\">\n\t<span class=\"fw-step-part-title \">\n\t\t\tN\u00famero de persones\t<\/span>\n\t<div class=\"fw-clearfix\"><\/div>\n\t<div class=\"fw-step-part-body\">\n\t\t\t\t\t\t\t\t   <div class=\"fw-step-block\"\n\t         data-blockId=\"1\"\n\t         data-type=\"fw-select\"\n\t         data-required=\"true\">\n\t\n\t        <label id=\"msf-select-label-adults\">\n\t\t\t<span class=\"msf-h3\">Adults<\/span> \n\t        <\/label>\n\t\n\t        <select class=\"fw-select\"\n\t                id=\"msf-select-adults\"\n\t                name=\"fw-1-1-1-0\"\n\t                required\t                data-search=\"false\"\n\t                data-placeholder=\"Adults\">\n\t\n\t            <option value=\"\">\n\t                Adults\t            <\/option>\n\t            \t            <option id=\"fw-1-1-1-0-0\" value=\"1\">\n\t                1\t            <\/option>\n\t            \t            <option id=\"fw-1-1-1-0-1\" value=\"2\">\n\t                2\t            <\/option>\n\t            \t            <option id=\"fw-1-1-1-0-2\" value=\"3\">\n\t                3\t            <\/option>\n\t            \t            <option id=\"fw-1-1-1-0-3\" value=\"4\">\n\t                4\t            <\/option>\n\t            \t            <option id=\"fw-1-1-1-0-4\" value=\"5\">\n\t                5\t            <\/option>\n\t            \t            <option id=\"fw-1-1-1-0-5\" value=\"6\">\n\t                6\t            <\/option>\n\t            \t        <\/select>\n\t    <\/div>\n\t    \t\t\t\t\t\t\t\t   <div class=\"fw-step-block\"\n\t         data-blockId=\"1\"\n\t         data-type=\"fw-select\"\n\t         data-required=\"true\">\n\t\n\t        <label id=\"msf-select-label-nens\">\n\t\t\t<span class=\"msf-h3\">Nens<\/span> \n\t        <\/label>\n\t\n\t        <select class=\"fw-select\"\n\t                id=\"msf-select-nens\"\n\t                name=\"fw-1-1-1-1\"\n\t                required\t                data-search=\"false\"\n\t                data-placeholder=\"Nens\">\n\t\n\t            <option value=\"\">\n\t                Nens\t            <\/option>\n\t            \t            <option id=\"fw-1-1-1-1-0\" value=\"0\">\n\t                0\t            <\/option>\n\t            \t            <option id=\"fw-1-1-1-1-1\" value=\"1\">\n\t                1\t            <\/option>\n\t            \t            <option id=\"fw-1-1-1-1-2\" value=\"2\">\n\t                2\t            <\/option>\n\t            \t            <option id=\"fw-1-1-1-1-3\" value=\"3\">\n\t                3\t            <\/option>\n\t            \t            <option id=\"fw-1-1-1-1-4\" value=\"4\">\n\t                4\t            <\/option>\n\t            \t            <option id=\"fw-1-1-1-1-5\" value=\"5\">\n\t                5\t            <\/option>\n\t            \t            <option id=\"fw-1-1-1-1-6\" value=\"6\">\n\t                6\t            <\/option>\n\t            \t        <\/select>\n\t    <\/div>\n\t    \t\t\t\t<\/div>\n<\/div>\n\t\t\t<div class=\"fw-step-part \" data-partId=\"2\">\n\t<span class=\"fw-step-part-title \">\n\t\t\tHabitacions\t<\/span>\n\t<div class=\"fw-clearfix\"><\/div>\n\t<div class=\"fw-step-part-body\">\n\t\t\t\t\t\t\t\t\t<div class=\"fw-step-block\" data-blockId=\"1\" data-type=\"fw-radio\" data-required=\"true\">\n\t\t\t\t\t\t\t\t<span class=\"msf-h3\">Selecciona l'habitaci\u00f3<\/span>\n\t\t\t\t\t<br>\n\t\t\t\t\t\t\t\t\t\t<span class=\"fw-choice fw-radio-row\">\n\t\t\t\t\t\t<input id=\"fw-1-1-2-0-1\" type=\"radio\" name=\"fw-1-1-2-0\" class=\"fw-radio\" data-id=\"1\">\n\t\t\t\t\t\t<label for=\"fw-1-1-2-0-1\" data-labelId=\"1\">Mar<\/label>\n\t\t\t\t\t<\/span>\n\t\t\t\t\t\t\t\t\t\t<span class=\"fw-choice fw-radio-row\">\n\t\t\t\t\t\t<input id=\"fw-1-1-2-0-2\" type=\"radio\" name=\"fw-1-1-2-0\" class=\"fw-radio\" data-id=\"2\">\n\t\t\t\t\t\t<label for=\"fw-1-1-2-0-2\" data-labelId=\"2\">Darrera<\/label>\n\t\t\t\t\t<\/span>\n\t\t\t\t\t\t\t\t\t\t<span class=\"fw-choice fw-radio-row\">\n\t\t\t\t\t\t<input id=\"fw-1-1-2-0-3\" type=\"radio\" name=\"fw-1-1-2-0\" class=\"fw-radio\" data-id=\"3\">\n\t\t\t\t\t\t<label for=\"fw-1-1-2-0-3\" data-labelId=\"3\">Mar \u00e0tic<\/label>\n\t\t\t\t\t<\/span>\n\t\t\t\t\t\t\t<\/div>\n\t\t\t\t\t\t<\/div>\n<\/div>\n\t\t\t                <div class=\"fw-clearfix\"><\/div>\n            <\/div>\n                        <div class=\"fw-wizard-step\" data-stepId=\"2\">\n                <div class=\"fw-step-part \" data-partId=\"0\">\n\t<span class=\"fw-step-part-title \">\n\t\t\tComentari\t<\/span>\n\t<div class=\"fw-clearfix\"><\/div>\n\t<div class=\"fw-step-part-body\">\n\t\t\t\t\t\t\t\t\t<div class=\"fw-step-block\" data-blockId=\"1\" data-type=\"fw-textarea\" data-required=\"false\">\n\t\t\t<div class=\"fw-input-container\">\n\t\t\t\t<label for=\"msf-textarea-comenta'ns-qualsevol-cosa-rellevant\"><span class=\"msf-h3\">Comenta'ns qualsevol cosa rellevant<\/span><\/label>\n\t\t\t\t<textarea \n\t\t\t\t\tclass=\"fw-textarea\"\n\t\t\t\t\tid=\"msf-textarea-comenta'ns-qualsevol-cosa-rellevant\"\n\t\t\t\t\tdata-id=\"textarea\"><\/textarea>\n\t\t\t\t<span class=\"fa fa-pencil t-area form-control-feedback\" aria-hidden=\"true\"><\/span>\n\t\t\t<\/div>\n\t\t\t<div class=\"fw-clearfix\"><\/div>\n\t\t<\/div>\n\t\t\t\t\t\t<\/div>\n<\/div>\n\t\t\t                        <div class=\"fw-summary-container\">\n                            <button type=\"button\" class=\"fw-toggle-summary\">MOSTRA RESUM<\/button>\n                            <div id=\"wizard-summary\" class=\"fw-wizard-summary\" style=\"display:none;\" data-showsummary=\"on\">\n                            <div class=\"fw-summary-alert\">Alguns camps obligatoris estan buits.<br>Comproveu els camps ressaltats.<\/div>\n                            <\/div>\n                        <\/div>\n                                            <button type=\"button\" class=\"fw-btn-submit\">Envia<\/button>\n                                <div class=\"fw-clearfix\"><\/div>\n            <\/div>\n                    <\/div>\n    <\/div>\n        <div class=\"fw-wizard-button-container\">\n        <div class=\"fw-container\">\n            <div class=\"fw-wizard-buttons\">\n                <button class=\"fw-button-previous\"><i class=\"fa fa-arrow-circle-left\" aria-hidden=\"true\"><\/i> &nbsp;Pas anterior<\/button>\n                <button class=\"fw-button-next\">Seg\u00fcent pas &nbsp;<i class=\"fa fa-arrow-circle-right\" aria-hidden=\"true\"><\/i><\/button>\n            <\/div>\n        <\/div>\n    <\/div>\n        <div class=\"fw-alert-user\" style=\"display:none;\"><\/div>\n<\/div>\n\n<style>\n    [data-type=fw-checkbox] input[type=checkbox]:checked+label:before, ul.fw-progress-bar li.fw-active .fw-txt-ellipsis{\n        color:#816a5f!important;\n    }\n<\/style>\n<h1>M\u00e9s informaci\u00f3<\/h1>\n<p>Tamb\u00e9 ens pots trobar a:\u00a0<\/p>\n<ul>\n<li>\n<p>Av. Mar\u00edtima Ramon Pous\u00a0<br \/>L&#8217;Ampolla &#8211; Tarragona\u00a0<\/p>\n<\/li>\n<\/ul>\n<ul>\n<li>\n<p>info@rocaplana.com<\/p>\n<\/li>\n<\/ul>\n<ul>\n<li>\n<p>(+34) 977 460 332 &#8211; 977 460 098\u00a0<\/p>\n<\/li>\n<\/ul>\n<p>\t<a href=\"https:\/\/rocaplana.com\/ca\/ampolla\/\" target=\"_self\" ><\/a><\/p>\n<h2>Descobreix L&#8217;Ampolla<\/h2>\n<p>Experi\u00e8ncies tot l&#8217;any<\/p>\n<style>\n    .fw-wizard-step-header h2{\n        font-family: Great Vibes!important;\n        font-size:3em!important;\n    }\n    .fw-active .progress, ul.fw-progress-bar li.fw-active:before{\n        background:#fff!important;\n    }\n    .fw-progress-bar li.fw-active:after, li.fw-progress-step::after, .fw-circle, .fw-circle-1, .fw-circle-2{\n        background:#816a5f!important;\n        height:2px!important;\n        top:-43px!important;\n    }\n    ul.fw-progress-bar li:before{\n        background:#fff!important;\n        border:1px solid #816a5f;\n    }\n    [data-type=fw-checkbox] input[type=checkbox]:checked+label:before, ul.fw-progress-bar li.fw-active .fw-txt-ellipsis{\n        color:#816a5f!important;\n        font-family:Great Vibes;\n    }\n    .fw-txt-ellipsis{\n        font-family:Great Vibes;\n    }\n    #multi-step-form .fw-wizard-buttons button, #multi-step-form .fw-wizard-buttons .fw-btn{\n        font-family:PLayfair Display;\n        color:#000;\n    }\n    .fw-button-previous, .fw-button-next, .fw-button-fileupload{\n        background:transparent!important;\n        border:2px solid #816a5f!important;\n        border-radius: 0px;\n    }\n    .fw-button-next i{\n        border:none;\n        position: absolute;\n        margin-top:12px;\n    }\n    ul.fw-progress-bar .fw-active:last-child:before, .fw-progress-step.fw-visited:before{\n        background:#816a5f!important;\n        color:#fff!important;\n    }\n    .fw-progress-step.fw-visited, ul.fw-progress-bar .fw-active:last-child .fw-txt-ellipsis, .fw-progress-step.fw-visited .fw-txt-ellipsis{\n        color:#816a5f!important;;\n    }\n    ul.fw-progress-bar li.fw-visited:after, .fw-progress-step.fw-visited .fw-circle, .fw-progress-step.fw-visited .fw-circle-1, .fw-progress-step.fw-visited .fw-circle-2{\n        background:#816a5f!important;\n    }\n    .bordered i{\n        border:none;\n    }\n<\/style>\n","protected":false},"excerpt":{"rendered":"<p>Reserves Reserva ara la teva habitaci\u00f3 M\u00e9s informaci\u00f3 Tamb\u00e9 ens pots trobar a:\u00a0 Av. Mar\u00edtima Ramon Pous\u00a0L&#8217;Ampolla &#8211; Tarragona\u00a0 info@rocaplana.com (+34) 977 460 332 &#8211; 977 460 098\u00a0 Descobreix L&#8217;Ampolla Experi\u00e8ncies tot l&#8217;any<\/p>\n","protected":false},"author":1,"featured_media":0,"parent":0,"menu_order":0,"comment_status":"closed","ping_status":"closed","template":"","meta":{"_genesis_hide_title":false,"_genesis_hide_breadcrumbs":false,"_genesis_hide_singular_image":false,"_genesis_hide_footer_widgets":false,"_genesis_custom_body_class":"","_genesis_custom_post_class":"","_genesis_layout":"","footnotes":""},"class_list":{"0":"post-238","1":"page","2":"type-page","3":"status-publish","5":"entry"},"_links":{"self":[{"href":"https:\/\/rocaplana.com\/ca\/wp-json\/wp\/v2\/pages\/238","targetHints":{"allow":["GET"]}}],"collection":[{"href":"https:\/\/rocaplana.com\/ca\/wp-json\/wp\/v2\/pages"}],"about":[{"href":"https:\/\/rocaplana.com\/ca\/wp-json\/wp\/v2\/types\/page"}],"author":[{"embeddable":true,"href":"https:\/\/rocaplana.com\/ca\/wp-json\/wp\/v2\/users\/1"}],"replies":[{"embeddable":true,"href":"https:\/\/rocaplana.com\/ca\/wp-json\/wp\/v2\/comments?post=238"}],"version-history":[{"count":21,"href":"https:\/\/rocaplana.com\/ca\/wp-json\/wp\/v2\/pages\/238\/revisions"}],"predecessor-version":[{"id":587,"href":"https:\/\/rocaplana.com\/ca\/wp-json\/wp\/v2\/pages\/238\/revisions\/587"}],"wp:attachment":[{"href":"https:\/\/rocaplana.com\/ca\/wp-json\/wp\/v2\/media?parent=238"}],"curies":[{"name":"wp","href":"https:\/\/api.w.org\/{rel}","templated":true}]}}