{"id":221,"date":"2018-03-01T11:33:13","date_gmt":"2018-03-01T11:33:13","guid":{"rendered":"http:\/\/rocaplana.com\/?page_id=221\/"},"modified":"2018-04-04T08:04:41","modified_gmt":"2018-04-04T08:04:41","slug":"contacta-hotel-ampolla","status":"publish","type":"page","link":"https:\/\/rocaplana.com\/ca\/contacta-hotel-ampolla\/","title":{"rendered":"Contacta"},"content":{"rendered":"<h2>\n\t\t\t\tContacta&#8217;ns<br \/>\n\t\t\t<\/h2>\n<p>Pregunta&#8217;ns qualsevol dubte<\/p>\n<h1>En qu\u00e8 et podem ajudar?<\/h1>\n<p>Contacta amb nosaltres i et respondrem el m\u00e9s aviat possible<\/p>\n<ul>\n<li>\n<p>Av. Mar\u00edtima Ramon Pous,\u00a0 L&#8217;Ampolla &#8211;\u00a0Tarragona\u00a0<\/p>\n<\/li>\n<\/ul>\n<ul>\n<li>\n<p>info@rocaplana.com<\/p>\n<\/li>\n<\/ul>\n<ul>\n<li>\n<p>(+34) 977 460 332 &#8211; 977 460 098<\/p>\n<\/li>\n<\/ul>\n<h1>Vols fer una reserva?<\/h1>\n<p>Reserva al nostre restaurant trucant al 977 460 332 i a l&#8217;hotel clicant al seg\u00fcent enlla\u00e7:<\/p>\n<p>\t\t\t<a href=\"http:\/\/rocaplana.com\/reserves\/\" target=\"_self\"   role=\"button\"><br \/>\n\t\t\t\t\t\t\tReservar habitaci\u00f3<br \/>\n\t\t<\/a><\/p>\n","protected":false},"excerpt":{"rendered":"<p>Contacta&#8217;ns Pregunta&#8217;ns qualsevol dubte En qu\u00e8 et podem ajudar? Contacta amb nosaltres i et respondrem el m\u00e9s aviat possible Av. Mar\u00edtima Ramon Pous,\u00a0 L&#8217;Ampolla &#8211;\u00a0Tarragona\u00a0 info@rocaplana.com (+34) 977 460 332 &#8211; 977 460 098 Vols fer una reserva? Reserva al nostre restaurant trucant al 977 460 332 i a l&#8217;hotel clicant al seg\u00fcent enlla\u00e7: Reservar [&hellip;]<\/p>\n","protected":false},"author":1,"featured_media":0,"parent":0,"menu_order":0,"comment_status":"closed","ping_status":"closed","template":"","meta":{"_genesis_hide_title":false,"_genesis_hide_breadcrumbs":false,"_genesis_hide_singular_image":false,"_genesis_hide_footer_widgets":false,"_genesis_custom_body_class":"","_genesis_custom_post_class":"","_genesis_layout":"","footnotes":""},"class_list":{"0":"post-221","1":"page","2":"type-page","3":"status-publish","5":"entry"},"_links":{"self":[{"href":"https:\/\/rocaplana.com\/ca\/wp-json\/wp\/v2\/pages\/221","targetHints":{"allow":["GET"]}}],"collection":[{"href":"https:\/\/rocaplana.com\/ca\/wp-json\/wp\/v2\/pages"}],"about":[{"href":"https:\/\/rocaplana.com\/ca\/wp-json\/wp\/v2\/types\/page"}],"author":[{"embeddable":true,"href":"https:\/\/rocaplana.com\/ca\/wp-json\/wp\/v2\/users\/1"}],"replies":[{"embeddable":true,"href":"https:\/\/rocaplana.com\/ca\/wp-json\/wp\/v2\/comments?post=221"}],"version-history":[{"count":11,"href":"https:\/\/rocaplana.com\/ca\/wp-json\/wp\/v2\/pages\/221\/revisions"}],"predecessor-version":[{"id":673,"href":"https:\/\/rocaplana.com\/ca\/wp-json\/wp\/v2\/pages\/221\/revisions\/673"}],"wp:attachment":[{"href":"https:\/\/rocaplana.com\/ca\/wp-json\/wp\/v2\/media?parent=221"}],"curies":[{"name":"wp","href":"https:\/\/api.w.org\/{rel}","templated":true}]}}