{"id":206,"date":"2018-03-01T10:38:34","date_gmt":"2018-03-01T10:38:34","guid":{"rendered":"http:\/\/rocaplana.com\/?page_id=206\/"},"modified":"2018-04-04T07:58:43","modified_gmt":"2018-04-04T07:58:43","slug":"ampolla","status":"publish","type":"page","link":"https:\/\/rocaplana.com\/ca\/ampolla\/","title":{"rendered":"L&#8217;Ampolla"},"content":{"rendered":"<h2>\n\t\t\t\tL&#8217;Ampolla<br \/>\n\t\t\t<\/h2>\n<p>Experi\u00e8ncies inoblidables vora el Mediterrani<\/p>\n<h1>Platges d&#8217;ensomni<\/h1>\n<p>Extensions quilom\u00e8triques de sorra<\/p>\n<p><strong>L\u2019<\/strong><b>Ampolla <\/b>\u00e9s un petit poble pesquer, porta d\u2019entrada al <b>Parc Natural del Delta de l\u2019Ebre<\/b>. \u00c9s el dest\u00ed ideal per a tota la fam\u00edlia a l\u2019oferir una \u00e0mplia varietat de possibilitats. Aix\u00ed, si busques sol i descans, podr\u00e0s gaudir de platges per a tots els gustos: des d\u2019extensions quilom\u00e8triques de sorra com l\u2019Arenal, les Avellanes o Cap-roig; a platges de pedra com el Bacon\u00e9 o Capellans; fins a petites cales tranquil\u00b7les i solit\u00e0ries, com la cala Maria i la cala l\u2019Escaret. Tu tries com gaudir d&#8217;aquest privilegiat entorn.\u00a0<\/p>\n<h1>Rutes tur\u00edstiques<\/h1>\n<p>Descobreix un marc de natura \u00fanic<\/p>\n<p>Si t\u2019agrada la natura, hi ha moltes <b>rutes tur\u00edstiques a L\u2019Ampolla <\/b>per gaudir com la<b> Bassa de les Olles<\/b>, un paratge natural molt proper considerat com una de les zones del <b>Delta de l\u2019Ebre <\/b>amb m\u00e9s riquesa i varietat d\u2019ambient, vegetaci\u00f3 i fauna. All\u00ed podr\u00e0s practicar activitats n\u00e0utiques, excursions en bicicleta o a peu, pesca i <b>descobrir el Parc Natural del Delta de l\u2019Ebre<\/b>, l\u2019h\u00e0bitat aqu\u00e0tic i d\u2019aus m\u00e9s important del Mediterrani Occidental. Un dest\u00ed ideal per con\u00e8ixer noves esp\u00e8cies i practicar birdwatching.<\/p>\n<p>Si prefereixes el senderisme, la <strong>ruta GR-92\u00a0 de L&#8217;Ampolla<\/strong> \u00e9s un sender de gran recorregut que travessa el municipi. Gaudir\u00e0s d&#8217;una excursi\u00f3 amb una bellesa incomparable per la costa, on els trams rocosos s&#8217;intercalen amb les cales de pedra petita.<\/p>\n<h1>Activitat n\u00e0utica-pesquera<\/h1>\n<p>Propostes esportives i tradicionals<\/p>\n<p>El port pesquer i esportiu de <strong>L\u2019<\/strong><b>Ampolla <\/b>\u00e9s un centre d\u2019activitats n\u00e0utiques i de lleure en el qual es poden practicar diferents esports com el<i> windsurf<\/i>, la vela o l\u2019esqu\u00ed n\u00e0utic. Si ets amant de la pesca esportiva, podr\u00e0s gaudir de la captura d\u2019esp\u00e8cies com el llobarro o la tonyina i, a m\u00e9s, podr\u00e0s experimentar la pesca a la ronsa i la pesca submarina.<\/p>\n<p>I si t\u2019interessa la tradici\u00f3 i vols gaudir de l&#8217;encant d&#8217;un poble pesquer, no pot perdre\u2019t l&#8217;arribada dels vaixells a la posta de sol o la tradicional subhasta de peix a la llotja. <\/p>\n<p>Hi ha moltes coses <b>qu\u00e8 fer a L\u2019Ampolla<\/b>, aix\u00ed que no pots deixar escapar l\u2019oportunitat de descobrir el que amaga aquest poble costaner. Ens trobar\u00e0s al sud de Catalunya, a la porta d\u2019entrada del <b>Parc Natural del Delta de l\u2019Ebre<\/b>. <\/p>\n<p>\t<a href=\"https:\/\/rocaplana.com\/ca\/hotel-centre-ampolla\/\" target=\"_self\" ><\/a><\/p>\n<h2>Si busques un lloc on descansar i gaudir de la mar<\/h2>\n<p>L&#8217;Ampolla \u00e9s el teu dest\u00ed<\/p>\n","protected":false},"excerpt":{"rendered":"<p>L&#8217;Ampolla Experi\u00e8ncies inoblidables vora el Mediterrani Platges d&#8217;ensomni Extensions quilom\u00e8triques de sorra L\u2019Ampolla \u00e9s un petit poble pesquer, porta d\u2019entrada al Parc Natural del Delta de l\u2019Ebre. \u00c9s el dest\u00ed ideal per a tota la fam\u00edlia a l\u2019oferir una \u00e0mplia varietat de possibilitats. Aix\u00ed, si busques sol i descans, podr\u00e0s gaudir de platges per a [&hellip;]<\/p>\n","protected":false},"author":1,"featured_media":0,"parent":0,"menu_order":0,"comment_status":"closed","ping_status":"closed","template":"","meta":{"_genesis_hide_title":false,"_genesis_hide_breadcrumbs":false,"_genesis_hide_singular_image":false,"_genesis_hide_footer_widgets":false,"_genesis_custom_body_class":"","_genesis_custom_post_class":"","_genesis_layout":"","footnotes":""},"class_list":{"0":"post-206","1":"page","2":"type-page","3":"status-publish","5":"entry"},"_links":{"self":[{"href":"https:\/\/rocaplana.com\/ca\/wp-json\/wp\/v2\/pages\/206","targetHints":{"allow":["GET"]}}],"collection":[{"href":"https:\/\/rocaplana.com\/ca\/wp-json\/wp\/v2\/pages"}],"about":[{"href":"https:\/\/rocaplana.com\/ca\/wp-json\/wp\/v2\/types\/page"}],"author":[{"embeddable":true,"href":"https:\/\/rocaplana.com\/ca\/wp-json\/wp\/v2\/users\/1"}],"replies":[{"embeddable":true,"href":"https:\/\/rocaplana.com\/ca\/wp-json\/wp\/v2\/comments?post=206"}],"version-history":[{"count":11,"href":"https:\/\/rocaplana.com\/ca\/wp-json\/wp\/v2\/pages\/206\/revisions"}],"predecessor-version":[{"id":586,"href":"https:\/\/rocaplana.com\/ca\/wp-json\/wp\/v2\/pages\/206\/revisions\/586"}],"wp:attachment":[{"href":"https:\/\/rocaplana.com\/ca\/wp-json\/wp\/v2\/media?parent=206"}],"curies":[{"name":"wp","href":"https:\/\/api.w.org\/{rel}","templated":true}]}}